{"id":359,"date":"2015-10-21T16:32:42","date_gmt":"2015-10-21T14:32:42","guid":{"rendered":"http:\/\/www.posaunenchor-meerbeck.de\/?page_id=359"},"modified":"2016-02-13T12:30:31","modified_gmt":"2016-02-13T11:30:31","slug":"unterstuetzen","status":"publish","type":"page","link":"https:\/\/www.posaunenchor-meerbeck.de\/index.php\/unterstuetzen\/","title":{"rendered":"Unterst\u00fctzen"},"content":{"rendered":"<p><strong>Sie m\u00f6chten uns unterst\u00fctzen?<\/strong><\/p>\n<p>Wir freuen uns sehr \u00fcber Ihre Spende! Und wir ben\u00f6tigen sie!<\/p>\n<p>Ihr Geld ist eine Investition in die musikalische Zukunft des Posaunenchores, seiner Mitglieder und Zuh\u00f6rerschaft!<\/p>\n<p>Ob bei der musikalischen Begleitung von Gottesdiensten\u00a0 oder beim diakonischen Blasen in Altersheimen, Krankenh\u00e4usern und auf hohen Geburtstagen \u2013 der Posaunenchor sieht sich als Bereicherung des menschlichen Miteinanders.<br \/>\n<strong>Alle Mitglieder bekleiden ein Ehrenamt und erhalten somit keine Bezahlung ihrer Eins\u00e4tze. Ihre Spende wird verwendet f\u00fcr die Anschaffung musikalischer Literatur, f\u00fcr Reparaturaufwendungen und Pflege der Instrumente, sowie f\u00fcr die sog. \u201eJungbl\u00e4serausbildung\u201c, denn der Nachwuchs ist der Chor von morgen.<\/strong><\/p>\n<p>Wir sind berechtigt, Spendenbescheinigungen auszustellen. Bitte geben Sie bei der \u00dcberweisung Ihre vollst\u00e4ndige Adresse an. Sobald der Betrag unserem Konto gutgeschrieben wurde, erhalten Sie eine Spendenbescheinigung, die Sie steuerwirksam einsetzen k\u00f6nnen.<\/p>\n<p>Unsere Bankverbindung:<\/p>\n<p><strong>IBAN: \u00a0\u00a0 \u00a0DE81 2555 5148 0457 1929 12<br \/>\nSparkasse Schaumburg<br \/>\nVerwendungszweck: Spende Posaunenchor Meerbeck<\/strong><\/p>\n<p>Ganz herzlichen Dank!<br \/>\nIhr Posaunenchor Meerbeck<br \/>\n&#8211; Der Vorstand &#8211;<\/p>\n","protected":false},"excerpt":{"rendered":"<p>Sie m\u00f6chten uns unterst\u00fctzen? Wir freuen uns sehr \u00fcber Ihre Spende! Und wir ben\u00f6tigen sie! Ihr Geld ist eine Investition in die musikalische Zukunft des Posaunenchores, seiner Mitglieder und Zuh\u00f6rerschaft! Ob bei der musikalischen Begleitung von Gottesdiensten\u00a0 oder beim diakonischen <a class=\"more-link\" href=\"https:\/\/www.posaunenchor-meerbeck.de\/index.php\/unterstuetzen\/\"><span class=\"screen-reader-text\">  Unterst\u00fctzen<\/span> weiterlesen<span class=\"meta-nav\">&rarr;<\/span><\/a><\/p>\n","protected":false},"author":1,"featured_media":0,"parent":0,"menu_order":0,"comment_status":"closed","ping_status":"closed","template":"","meta":{"ngg_post_thumbnail":0,"iawp_total_views":22,"footnotes":""},"class_list":["post-359","page","type-page","status-publish","hentry"],"_links":{"self":[{"href":"https:\/\/www.posaunenchor-meerbeck.de\/index.php\/wp-json\/wp\/v2\/pages\/359","targetHints":{"allow":["GET"]}}],"collection":[{"href":"https:\/\/www.posaunenchor-meerbeck.de\/index.php\/wp-json\/wp\/v2\/pages"}],"about":[{"href":"https:\/\/www.posaunenchor-meerbeck.de\/index.php\/wp-json\/wp\/v2\/types\/page"}],"author":[{"embeddable":true,"href":"https:\/\/www.posaunenchor-meerbeck.de\/index.php\/wp-json\/wp\/v2\/users\/1"}],"replies":[{"embeddable":true,"href":"https:\/\/www.posaunenchor-meerbeck.de\/index.php\/wp-json\/wp\/v2\/comments?post=359"}],"version-history":[{"count":1,"href":"https:\/\/www.posaunenchor-meerbeck.de\/index.php\/wp-json\/wp\/v2\/pages\/359\/revisions"}],"predecessor-version":[{"id":479,"href":"https:\/\/www.posaunenchor-meerbeck.de\/index.php\/wp-json\/wp\/v2\/pages\/359\/revisions\/479"}],"wp:attachment":[{"href":"https:\/\/www.posaunenchor-meerbeck.de\/index.php\/wp-json\/wp\/v2\/media?parent=359"}],"curies":[{"name":"wp","href":"https:\/\/api.w.org\/{rel}","templated":true}]}}